{"id":227,"date":"2019-04-16T20:55:50","date_gmt":"2019-04-16T18:55:50","guid":{"rendered":"https:\/\/hb-kunststoffe.de\/?page_id=227"},"modified":"2019-06-13T21:36:14","modified_gmt":"2019-06-13T19:36:14","slug":"impressum","status":"publish","type":"page","link":"https:\/\/hb-kunststoffe.de\/en\/impressum\/","title":{"rendered":"Imprint"},"content":{"rendered":"<div data-elementor-type=\"wp-post\" data-elementor-id=\"227\" class=\"elementor elementor-227\">\n\t\t\t\t\t\t<section class=\"elementor-section elementor-top-section elementor-element elementor-element-5815b6d1 elementor-section-boxed elementor-section-height-default elementor-section-height-default\" data-id=\"5815b6d1\" data-element_type=\"section\" data-e-type=\"section\">\n\t\t\t\t\t\t<div class=\"elementor-container elementor-column-gap-default\">\n\t\t\t\t\t<div class=\"elementor-column elementor-col-100 elementor-top-column elementor-element elementor-element-548f716b\" data-id=\"548f716b\" data-element_type=\"column\" data-e-type=\"column\">\n\t\t\t<div class=\"elementor-widget-wrap elementor-element-populated\">\n\t\t\t\t\t\t<div class=\"elementor-element elementor-element-a706939 elementor-widget elementor-widget-heading\" data-id=\"a706939\" data-element_type=\"widget\" data-e-type=\"widget\" data-widget_type=\"heading.default\">\n\t\t\t\t<div class=\"elementor-widget-container\">\n\t\t\t\t\t<h1 class=\"elementor-heading-title elementor-size-default\">Imprint<\/h1>\t\t\t\t<\/div>\n\t\t\t\t<\/div>\n\t\t\t\t<div class=\"elementor-element elementor-element-5e6f08b2 elementor-widget elementor-widget-text-editor\" data-id=\"5e6f08b2\" data-element_type=\"widget\" data-e-type=\"widget\" data-widget_type=\"text-editor.default\">\n\t\t\t\t<div class=\"elementor-widget-container\">\n\t\t\t\t\t\t\t\t\t<p><\/p>\n<p><strong>HB Kunststoffe GmbH<\/strong><\/p>\n<p>Laschendorf 25c<br \/>17213 Malchow<\/p>\n<p><\/p>\n<p>Company register:<br \/>HRB 6084, Amtsgericht Neubrandenburg<\/p>\n<p><\/p>\n<p>Place of business:<br \/>Malchow<\/p>\n<p><\/p>\n<p>General Managers: <br \/>B\u00e4rbel Heubach, Detlef Kleinschmidt<\/p>\n<p><\/p>\n<p>Telefon: +49 (0)39932 14332<br \/>Fax: +49 (0)39932 14788<\/p>\n<p><\/p>\n<p><a href=\"mailto:info@hb-kunststoffe.de\">info@hb-kunststoffe.de<\/a><\/p>\n<p>\u00a0<\/p>\n<p><strong>Design und Website \u00a9<\/strong><\/p>\n<p>Diese Seite wurde von der SteliaTec GmbH erstellt. Das duplizieren jeglicher Inhalte dieser Seite werden strafrechtlich verfolgt.<\/p>\n<p><strong>Haftungsausschluss<\/strong><\/p>\n<p><strong>1. Inhalte<\/strong><\/p>\n<p>Das Unternehmen\u00a0HB Kunststoffe GmbH\u00a0\u00fcbernimmt keinerlei Gew\u00e4hr f\u00fcr die Aktualit\u00e4t, Korrektheit, Vollst\u00e4ndigkeit oder Qualit\u00e4t der bereitgestellten Informationen. Haftungsanspr\u00fcche gegen das Unternehmen\u00a0HB Kunststoffe GmbH, die sich auf Sch\u00e4den materieller oder ideeller Art beziehen, welche durch die Nutzung oder Nichtnutzung der dargebotenen Informationen bzw. durch die Nutzung fehlerhafter und unvollst\u00e4ndiger Informationen verursacht wurden sind grunds\u00e4tzlich ausgeschlossen, sofern seitens des Unternehmens\u00a0HB Kunststoffe GmbH\u00a0kein nachweislich vors\u00e4tzliches oder grob fahrl\u00e4ssiges Verschulden vorliegt. Das Unternehmen\u00a0HB Kunststoffe GmbH\u00a0beh\u00e4lt es sich ausdr\u00fccklich vor, Teile der Seite oder das gesamte Angebot ohne gesonderte Ank\u00fcndigung zu ver\u00e4ndern, zu erg\u00e4nzen, zu l\u00f6schen oder die Ver\u00f6ffentlichung zeitweise oder endg\u00fcltig einzustellen.<\/p>\n<p><strong>2. Verweise auf Links<\/strong><\/p>\n<p>Sofern auf Verweisziele (\u201eLinks\u201c) direkt oder indirekt verwiesen wird, die au\u00dferhalb des Verantwortungsbereiches des Unternehmens\u00a0HB Kunststoffe GmbH\u00a0liegen, haftet dieses nur dann, wenn es von Inhalten Kenntnis hat und es technisch m\u00f6glich und zumutbar w\u00e4re, die Nutzung im Falle rechtswidriger Inhalte zu verhindern. F\u00fcr dar\u00fcber hinausgehende Inhalte und insbesondere f\u00fcr Sch\u00e4den, die aus der Nutzung oder Nichtnutzung solcherart dargebotener Informationen enstehen, haftet allein der Anbieter dieser Seite, nicht derjenige, der \u00fcber Links auf die jeweilige Ver\u00f6ffentlichung lediglich verweist. Diese Einschr\u00e4nkung gilt gleicherma\u00dfen auch f\u00fcr Fremdeintr\u00e4ge in von dem Unternehmen\u00a0HB Kunststoffe GmbH\u00a0u.U. eingerichteten CMS-System, Diskussionsforen, Chatrooms und weiteren interaktiven Informationsspeichern.<\/p>\n<p><strong>3. Urheber- und Kennzeichenrecht<\/strong><\/p>\n<p>Das Unternehmen\u00a0HB Kunststoffe GmbH\u00a0ist bestrebt, in allen Publikationen die Urheberrechte der verwendeten Grafiken, Tondokumente, Videosequenzen und Texte zu beachten, von ihm selbst erstellte Grafiken, Tondokumente, Videosequenzen und Texte zu nutzen oder auf lizenzfreie Grafiken, Tondokumente, Videosequenzen und Texte zur\u00fcckzugreifen. Alle innerhalb des Internetangebotes genannten und ggf. durch Dritte gesch\u00fctzten Marken- und Warenzeichen unterliegen uneingeschr\u00e4nkt den Bestimmungen des jeweils g\u00fcltigen Kennzeichenrechts und den Besitzrechten der jeweiligen eingetragenen Eigent\u00fcmer. Allein aufgrund der blo\u00dfen Nennung ist nicht der Schluss zu ziehen, dass Markenzeichen nicht durch Rechte Dritter gesch\u00fctzt sind! Das Copyright f\u00fcr ver\u00f6ffentlichte, vom Unternehmen\u00a0HB Kunststoffe GmbH\u00a0selbst erstellte Objekte bleibt allein beim Unternehmen\u00a0HB Kunststoffe GmbH. Eine Vervielf\u00e4ltigung oder Verwendung solcher Grafiken, Tondokumente, Videosequenzen und Texte in anderen elektronischen oder gedruckten Publikationen ist ohne ausdr\u00fcckliche Zustimmung des Unternehmens\u00a0HB Kunststoffe GmbH\u00a0nicht gestattet.<\/p>\n<p><strong>4. Rechtswirksamkeit dieses Haftungsausschlusses<\/strong><\/p>\n<p>Dieser Haftungsausschluss ist als Teil des Internetangebotes zu betrachten, von dem aus auf diese Seite verwiesen wurde. Sofern Teile oder einzelne Formulierungen dieses Textes der geltenden Rechtslage nicht, nicht mehr oder nicht vollst\u00e4ndig entsprechen sollten, bleiben die \u00fcbrigen Teile des Dokumentes in ihrem Inhalt und ihrer G\u00fcltigkeit davon unber\u00fchrt.<\/p>\n<p><strong>Wichtiger Hinweis zu allen Links auf dieser Homepage<\/strong><\/p>\n<p>Das Landgericht (LG) Hamburg hat mit seinem Urteil vom 12. Mai 1998 \u2013 312 0 85\/98- \u201eHaftung f\u00fcr Links\u201c entschieden, dass durch die Anbringung eines Links, die Inhalte der gelinkten Seite ggf. mit zu verantworten hat. Dies kann laut dem LG nur dadurch verhindert werden , dass man sich ausdr\u00fccklich von diesen Inhalten distanziert. Hiermit distanziert sich das Unternehmen\u00a0HB Kunststoffe GmbH\u00a0ausdr\u00fccklich von allen Inhalten aller gelinkten Seiten auf seiner Homepage und macht sich diese Inhalte nicht zu eigen. Diese Erkl\u00e4rung gilt f\u00fcr alle auf dieser Homepage angebrachten Links.<\/p>\n<p><\/p>\t\t\t\t\t\t\t\t<\/div>\n\t\t\t\t<\/div>\n\t\t\t\t\t<\/div>\n\t\t<\/div>\n\t\t\t\t\t<\/div>\n\t\t<\/section>\n\t\t\t\t<\/div>","protected":false},"excerpt":{"rendered":"<p>Impressum HB Kunststoffe GmbH Laschendorf 25c17213 Malchow Handelsregister-Daten:HRB 6084, Amtsgericht Neubrandenburg Sitz der Gesellschaft:Malchow Gesch\u00e4ftsf\u00fchrer: B\u00e4rbel Heubach, Detlef Kleinschmidt Telefon: +49 (0)39932 14332Fax: +49 (0)39932 14788 info@hb-kunststoffe.de \u00a0 Design und Website \u00a9 Diese Seite wurde von der SteliaTec GmbH erstellt. Das duplizieren jeglicher Inhalte dieser Seite werden strafrechtlich verfolgt. Haftungsausschluss 1. Inhalte Das Unternehmen\u00a0HB Kunststoffe [&hellip;]<\/p>\n","protected":false},"author":1,"featured_media":0,"parent":0,"menu_order":0,"comment_status":"closed","ping_status":"closed","template":"","meta":{"site-sidebar-layout":"no-sidebar","site-content-layout":"content-boxed-container","ast-site-content-layout":"default","site-content-style":"default","site-sidebar-style":"default","ast-global-header-display":"","ast-banner-title-visibility":"","ast-main-header-display":"","ast-hfb-above-header-display":"","ast-hfb-below-header-display":"","ast-hfb-mobile-header-display":"","site-post-title":"disabled","ast-breadcrumbs-content":"","ast-featured-img":"","footer-sml-layout":"","ast-disable-related-posts":"","theme-transparent-header-meta":"default","adv-header-id-meta":"","stick-header-meta":"","header-above-stick-meta":"","header-main-stick-meta":"","header-below-stick-meta":"","astra-migrate-meta-layouts":"default","ast-page-background-enabled":"default","ast-page-background-meta":{"desktop":{"background-color":"","background-image":"","background-repeat":"repeat","background-position":"center center","background-size":"auto","background-attachment":"scroll","background-type":"","background-media":"","overlay-type":"","overlay-color":"","overlay-opacity":"","overlay-gradient":""},"tablet":{"background-color":"","background-image":"","background-repeat":"repeat","background-position":"center center","background-size":"auto","background-attachment":"scroll","background-type":"","background-media":"","overlay-type":"","overlay-color":"","overlay-opacity":"","overlay-gradient":""},"mobile":{"background-color":"","background-image":"","background-repeat":"repeat","background-position":"center center","background-size":"auto","background-attachment":"scroll","background-type":"","background-media":"","overlay-type":"","overlay-color":"","overlay-opacity":"","overlay-gradient":""}},"ast-content-background-meta":{"desktop":{"background-color":"var(--ast-global-color-5)","background-image":"","background-repeat":"repeat","background-position":"center center","background-size":"auto","background-attachment":"scroll","background-type":"","background-media":"","overlay-type":"","overlay-color":"","overlay-opacity":"","overlay-gradient":""},"tablet":{"background-color":"var(--ast-global-color-5)","background-image":"","background-repeat":"repeat","background-position":"center center","background-size":"auto","background-attachment":"scroll","background-type":"","background-media":"","overlay-type":"","overlay-color":"","overlay-opacity":"","overlay-gradient":""},"mobile":{"background-color":"var(--ast-global-color-5)","background-image":"","background-repeat":"repeat","background-position":"center center","background-size":"auto","background-attachment":"scroll","background-type":"","background-media":"","overlay-type":"","overlay-color":"","overlay-opacity":"","overlay-gradient":""}},"footnotes":""},"class_list":["post-227","page","type-page","status-publish","hentry"],"yoast_head":"<!-- This site is optimized with the Yoast SEO plugin v27.5 - https:\/\/yoast.com\/product\/yoast-seo-wordpress\/ -->\n<title>Impressum - HB Kunststoffe GmbH<\/title>\n<meta name=\"robots\" content=\"index, follow, max-snippet:-1, max-image-preview:large, max-video-preview:-1\" \/>\n<link rel=\"canonical\" href=\"https:\/\/hb-kunststoffe.de\/en\/impressum\/\" \/>\n<meta property=\"og:locale\" content=\"en_GB\" \/>\n<meta property=\"og:type\" content=\"article\" \/>\n<meta property=\"og:title\" content=\"Impressum - HB Kunststoffe GmbH\" \/>\n<meta property=\"og:description\" content=\"Impressum HB Kunststoffe GmbH Laschendorf 25c17213 Malchow Handelsregister-Daten:HRB 6084, Amtsgericht Neubrandenburg Sitz der Gesellschaft:Malchow Gesch\u00e4ftsf\u00fchrer: B\u00e4rbel Heubach, Detlef Kleinschmidt Telefon: +49 (0)39932 14332Fax: +49 (0)39932 14788 info@hb-kunststoffe.de \u00a0 Design und Website \u00a9 Diese Seite wurde von der SteliaTec GmbH erstellt. Das duplizieren jeglicher Inhalte dieser Seite werden strafrechtlich verfolgt. Haftungsausschluss 1. Inhalte Das Unternehmen\u00a0HB Kunststoffe [&hellip;]\" \/>\n<meta property=\"og:url\" content=\"https:\/\/hb-kunststoffe.de\/en\/impressum\/\" \/>\n<meta property=\"og:site_name\" content=\"HB Kunststoffe GmbH\" \/>\n<meta property=\"article:modified_time\" content=\"2019-06-13T19:36:14+00:00\" \/>\n<meta name=\"twitter:card\" content=\"summary_large_image\" \/>\n<meta name=\"twitter:label1\" content=\"Estimated reading time\" \/>\n\t<meta name=\"twitter:data1\" content=\"3 minutes\" \/>\n<script type=\"application\/ld+json\" class=\"yoast-schema-graph\">{\"@context\":\"https:\\\/\\\/schema.org\",\"@graph\":[{\"@type\":\"WebPage\",\"@id\":\"https:\\\/\\\/hb-kunststoffe.de\\\/en\\\/impressum\\\/\",\"url\":\"https:\\\/\\\/hb-kunststoffe.de\\\/en\\\/impressum\\\/\",\"name\":\"Impressum - HB Kunststoffe GmbH\",\"isPartOf\":{\"@id\":\"https:\\\/\\\/hb-kunststoffe.de\\\/#website\"},\"datePublished\":\"2019-04-16T18:55:50+00:00\",\"dateModified\":\"2019-06-13T19:36:14+00:00\",\"breadcrumb\":{\"@id\":\"https:\\\/\\\/hb-kunststoffe.de\\\/en\\\/impressum\\\/#breadcrumb\"},\"inLanguage\":\"en-GB\",\"potentialAction\":[{\"@type\":\"ReadAction\",\"target\":[\"https:\\\/\\\/hb-kunststoffe.de\\\/en\\\/impressum\\\/\"]}]},{\"@type\":\"BreadcrumbList\",\"@id\":\"https:\\\/\\\/hb-kunststoffe.de\\\/en\\\/impressum\\\/#breadcrumb\",\"itemListElement\":[{\"@type\":\"ListItem\",\"position\":1,\"name\":\"Startseite\",\"item\":\"https:\\\/\\\/hb-kunststoffe.de\\\/\"},{\"@type\":\"ListItem\",\"position\":2,\"name\":\"Impressum\"}]},{\"@type\":\"WebSite\",\"@id\":\"https:\\\/\\\/hb-kunststoffe.de\\\/#website\",\"url\":\"https:\\\/\\\/hb-kunststoffe.de\\\/\",\"name\":\"HB Kunststoffe GmbH\",\"description\":\"Schachtsanierung powered by SpectraShield\u00ae\",\"publisher\":{\"@id\":\"https:\\\/\\\/hb-kunststoffe.de\\\/#organization\"},\"potentialAction\":[{\"@type\":\"SearchAction\",\"target\":{\"@type\":\"EntryPoint\",\"urlTemplate\":\"https:\\\/\\\/hb-kunststoffe.de\\\/?s={search_term_string}\"},\"query-input\":{\"@type\":\"PropertyValueSpecification\",\"valueRequired\":true,\"valueName\":\"search_term_string\"}}],\"inLanguage\":\"en-GB\"},{\"@type\":\"Organization\",\"@id\":\"https:\\\/\\\/hb-kunststoffe.de\\\/#organization\",\"name\":\"HB Kunststoffe GmbH\",\"url\":\"https:\\\/\\\/hb-kunststoffe.de\\\/\",\"logo\":{\"@type\":\"ImageObject\",\"inLanguage\":\"en-GB\",\"@id\":\"https:\\\/\\\/hb-kunststoffe.de\\\/#\\\/schema\\\/logo\\\/image\\\/\",\"url\":\"https:\\\/\\\/hb-kunststoffe.de\\\/wp-content\\\/uploads\\\/2019\\\/04\\\/hb-kunststoffe_klein-1.jpg\",\"contentUrl\":\"https:\\\/\\\/hb-kunststoffe.de\\\/wp-content\\\/uploads\\\/2019\\\/04\\\/hb-kunststoffe_klein-1.jpg\",\"width\":376,\"height\":75,\"caption\":\"HB Kunststoffe GmbH\"},\"image\":{\"@id\":\"https:\\\/\\\/hb-kunststoffe.de\\\/#\\\/schema\\\/logo\\\/image\\\/\"}}]}<\/script>\n<!-- \/ Yoast SEO plugin. -->","yoast_head_json":{"title":"Impressum - HB Kunststoffe GmbH","robots":{"index":"index","follow":"follow","max-snippet":"max-snippet:-1","max-image-preview":"max-image-preview:large","max-video-preview":"max-video-preview:-1"},"canonical":"https:\/\/hb-kunststoffe.de\/en\/impressum\/","og_locale":"en_GB","og_type":"article","og_title":"Impressum - HB Kunststoffe GmbH","og_description":"Impressum HB Kunststoffe GmbH Laschendorf 25c17213 Malchow Handelsregister-Daten:HRB 6084, Amtsgericht Neubrandenburg Sitz der Gesellschaft:Malchow Gesch\u00e4ftsf\u00fchrer: B\u00e4rbel Heubach, Detlef Kleinschmidt Telefon: +49 (0)39932 14332Fax: +49 (0)39932 14788 info@hb-kunststoffe.de \u00a0 Design und Website \u00a9 Diese Seite wurde von der SteliaTec GmbH erstellt. Das duplizieren jeglicher Inhalte dieser Seite werden strafrechtlich verfolgt. Haftungsausschluss 1. Inhalte Das Unternehmen\u00a0HB Kunststoffe [&hellip;]","og_url":"https:\/\/hb-kunststoffe.de\/en\/impressum\/","og_site_name":"HB Kunststoffe GmbH","article_modified_time":"2019-06-13T19:36:14+00:00","twitter_card":"summary_large_image","twitter_misc":{"Estimated reading time":"3 minutes"},"schema":{"@context":"https:\/\/schema.org","@graph":[{"@type":"WebPage","@id":"https:\/\/hb-kunststoffe.de\/en\/impressum\/","url":"https:\/\/hb-kunststoffe.de\/en\/impressum\/","name":"Impressum - HB Kunststoffe GmbH","isPartOf":{"@id":"https:\/\/hb-kunststoffe.de\/#website"},"datePublished":"2019-04-16T18:55:50+00:00","dateModified":"2019-06-13T19:36:14+00:00","breadcrumb":{"@id":"https:\/\/hb-kunststoffe.de\/en\/impressum\/#breadcrumb"},"inLanguage":"en-GB","potentialAction":[{"@type":"ReadAction","target":["https:\/\/hb-kunststoffe.de\/en\/impressum\/"]}]},{"@type":"BreadcrumbList","@id":"https:\/\/hb-kunststoffe.de\/en\/impressum\/#breadcrumb","itemListElement":[{"@type":"ListItem","position":1,"name":"Startseite","item":"https:\/\/hb-kunststoffe.de\/"},{"@type":"ListItem","position":2,"name":"Impressum"}]},{"@type":"WebSite","@id":"https:\/\/hb-kunststoffe.de\/#website","url":"https:\/\/hb-kunststoffe.de\/","name":"HB Kunststoffe GmbH","description":"Sewage Manhole Restoration powered by SpectraShield\u00ae","publisher":{"@id":"https:\/\/hb-kunststoffe.de\/#organization"},"potentialAction":[{"@type":"SearchAction","target":{"@type":"EntryPoint","urlTemplate":"https:\/\/hb-kunststoffe.de\/?s={search_term_string}"},"query-input":{"@type":"PropertyValueSpecification","valueRequired":true,"valueName":"search_term_string"}}],"inLanguage":"en-GB"},{"@type":"Organization","@id":"https:\/\/hb-kunststoffe.de\/#organization","name":"HB Kunststoffe GmbH","url":"https:\/\/hb-kunststoffe.de\/","logo":{"@type":"ImageObject","inLanguage":"en-GB","@id":"https:\/\/hb-kunststoffe.de\/#\/schema\/logo\/image\/","url":"https:\/\/hb-kunststoffe.de\/wp-content\/uploads\/2019\/04\/hb-kunststoffe_klein-1.jpg","contentUrl":"https:\/\/hb-kunststoffe.de\/wp-content\/uploads\/2019\/04\/hb-kunststoffe_klein-1.jpg","width":376,"height":75,"caption":"HB Kunststoffe GmbH"},"image":{"@id":"https:\/\/hb-kunststoffe.de\/#\/schema\/logo\/image\/"}}]}},"_links":{"self":[{"href":"https:\/\/hb-kunststoffe.de\/en\/wp-json\/wp\/v2\/pages\/227","targetHints":{"allow":["GET"]}}],"collection":[{"href":"https:\/\/hb-kunststoffe.de\/en\/wp-json\/wp\/v2\/pages"}],"about":[{"href":"https:\/\/hb-kunststoffe.de\/en\/wp-json\/wp\/v2\/types\/page"}],"author":[{"embeddable":true,"href":"https:\/\/hb-kunststoffe.de\/en\/wp-json\/wp\/v2\/users\/1"}],"replies":[{"embeddable":true,"href":"https:\/\/hb-kunststoffe.de\/en\/wp-json\/wp\/v2\/comments?post=227"}],"version-history":[{"count":10,"href":"https:\/\/hb-kunststoffe.de\/en\/wp-json\/wp\/v2\/pages\/227\/revisions"}],"predecessor-version":[{"id":434,"href":"https:\/\/hb-kunststoffe.de\/en\/wp-json\/wp\/v2\/pages\/227\/revisions\/434"}],"wp:attachment":[{"href":"https:\/\/hb-kunststoffe.de\/en\/wp-json\/wp\/v2\/media?parent=227"}],"curies":[{"name":"wp","href":"https:\/\/api.w.org\/{rel}","templated":true}]}}